{"id":12751,"date":"2020-08-24T04:36:14","date_gmt":"2020-08-24T02:36:14","guid":{"rendered":"https:\/\/litho.themezaa.com\/?page_id=12751"},"modified":"2023-10-18T19:18:17","modified_gmt":"2023-10-18T17:18:17","slug":"maloobchod","status":"publish","type":"page","link":"http:\/\/www.rezpof.cz\/wordpress\/en\/maloobchod\/","title":{"rendered":"Retail"},"content":{"rendered":"<div data-elementor-type=\"wp-page\" data-elementor-id=\"12751\" class=\"elementor elementor-12751\">\n\t\t\t\t\t\t<section class=\"elementor-section elementor-top-section elementor-element elementor-element-9097fcf elementor-section-full_width elementor-section-stretched elementor-section-height-default elementor-section-height-default\" data-id=\"9097fcf\" data-element_type=\"section\" data-settings=\"{&quot;background_background&quot;:&quot;classic&quot;,&quot;stretch_section&quot;:&quot;section-stretched&quot;}\">\n\t\t\t\t\t\t\t<div class=\"elementor-background-overlay\"><\/div>\n\t\t\t\t\t\t\t<div class=\"elementor-container elementor-column-gap-default\">\n\t\t\t\t\t<div class=\"elementor-column elementor-col-100 elementor-top-column elementor-element elementor-element-a87ad4e\" data-fullscreen-column-settings=\"{&quot;fullscreen&quot;:&quot;&quot;}\" data-id=\"a87ad4e\" data-element_type=\"column\" data-settings=\"{&quot;background_background&quot;:&quot;classic&quot;}\">\n\t\t\t<div class=\"elementor-widget-wrap elementor-element-populated\">\n\t\t\t\t\t\t<div class=\"elementor-element elementor-element-893f1a2 elementor-widget elementor-widget-litho-slider\" data-id=\"893f1a2\" data-element_type=\"widget\" data-settings=\"{&quot;litho_carousel_slide_styles&quot;:&quot;slider-style-2&quot;}\" data-widget_type=\"litho-slider.default\">\n\t\t\t\t<div class=\"elementor-widget-container\">\n\t\t\t\t\t\t<div class=\"elementor-image-carousel-wrapper swiper-container swiper-container-initialized full-screen-slide slider-style-2\" data-settings=\"{&quot;navigation&quot;:&quot;none&quot;,&quot;autoplay&quot;:&quot;&quot;,&quot;autoplay_speed&quot;:5000,&quot;pause_on_hover&quot;:&quot;&quot;,&quot;loop&quot;:&quot;yes&quot;,&quot;effect&quot;:&quot;fade&quot;,&quot;speed&quot;:500,&quot;mousewheel&quot;:&quot;&quot;,&quot;slide-total&quot;:1}\" dir=\"ltr\">\n\t\t\t\t<div class=\"elementor-image-carousel swiper-wrapper\">\n\t\t\t\t\t\t\t\t\t\t\t<div class=\"elementor-repeater-item-1846cfe swiper-slide cover-background\">\n\t\t\t\t\t\t\t<div class=\"bg-overlay\"><\/div>\n\t\t\t\t\t\t\t<div class=\"slider-text-middle-main\">\n\t\t\t\t\t\t\t\t\t\t\t\t\t\t\t\t\t<h1 class=\"title\">\t\t\t\t\t\t\t\t\t\tSpices for cooking<\/h1>\t\t\t\t\t\t\t\t\t\t\t\t\t\t\t\t\t<div class=\"elementor-button-wrapper litho-button-wrapper\">\n\t\t\t\t\t\t\t\t\t\t<a href=\"https:\/\/www.koreniprovareni.cz\/\" class=\"elementor-button-link elementor-button elementor-size-lg hvr-float-3px\" role=\"button\">Visit our e-shop<\/a>\n\t\t\t\t\t\t\t\t\t<\/div>\n\t\t\t\t\t\t\t\t\t\t\t\t\t\t\t\t<\/div>\n\t\t\t\t\t\t<\/div>\n\t\t\t\t\t\t\t\t\t\t<\/div>\n\t\t\t\t\n\t\t\t\t\t\t\t<\/div>\n\t\t\t\t<\/div>\n\t\t\t\t<\/div>\n\t\t\t\t\t<\/div>\n\t\t<\/div>\n\t\t\t\t\t<\/div>\n\t\t<\/section>\n\t\t\t\t<section class=\"elementor-section elementor-top-section elementor-element elementor-element-2e0e93d elementor-section-boxed elementor-section-height-default elementor-section-height-default\" data-id=\"2e0e93d\" data-element_type=\"section\">\n\t\t\t\t\t\t<div class=\"elementor-container elementor-column-gap-default\">\n\t\t\t\t\t<div class=\"elementor-column elementor-col-33 elementor-top-column elementor-element elementor-element-1c87a35\" data-fullscreen-column-settings=\"{&quot;fullscreen&quot;:&quot;&quot;}\" data-id=\"1c87a35\" data-element_type=\"column\">\n\t\t\t<div class=\"elementor-widget-wrap elementor-element-populated\">\n\t\t\t\t\t\t<div class=\"elementor-element elementor-element-b02cabf elementor-position-top elementor-widget elementor-widget-image-box\" data-id=\"b02cabf\" data-element_type=\"widget\" data-widget_type=\"image-box.default\">\n\t\t\t\t<div class=\"elementor-widget-container\">\n\t\t\t<style>\/*! elementor - v3.23.0 - 05-08-2024 *\/\n.elementor-widget-image-box .elementor-image-box-content{width:100%}@media (min-width:768px){.elementor-widget-image-box.elementor-position-left .elementor-image-box-wrapper,.elementor-widget-image-box.elementor-position-right .elementor-image-box-wrapper{display:flex}.elementor-widget-image-box.elementor-position-right .elementor-image-box-wrapper{text-align:end;flex-direction:row-reverse}.elementor-widget-image-box.elementor-position-left .elementor-image-box-wrapper{text-align:start;flex-direction:row}.elementor-widget-image-box.elementor-position-top .elementor-image-box-img{margin:auto}.elementor-widget-image-box.elementor-vertical-align-top .elementor-image-box-wrapper{align-items:flex-start}.elementor-widget-image-box.elementor-vertical-align-middle .elementor-image-box-wrapper{align-items:center}.elementor-widget-image-box.elementor-vertical-align-bottom .elementor-image-box-wrapper{align-items:flex-end}}@media (max-width:767px){.elementor-widget-image-box .elementor-image-box-img{margin-left:auto!important;margin-right:auto!important;margin-bottom:15px}}.elementor-widget-image-box .elementor-image-box-img{display:inline-block}.elementor-widget-image-box .elementor-image-box-title a{color:inherit}.elementor-widget-image-box .elementor-image-box-wrapper{text-align:center}.elementor-widget-image-box .elementor-image-box-description{margin:0}<\/style><div class=\"elementor-image-box-wrapper\"><figure class=\"elementor-image-box-img\"><img decoding=\"async\" src=\"http:\/\/www.rezpof.cz\/wordpress\/wp-content\/plugins\/elementor\/assets\/images\/placeholder.png\" title=\"\" alt=\"\" loading=\"lazy\" \/><\/figure><div class=\"elementor-image-box-content\"><h3 class=\"elementor-image-box-title\">Jednodruhov\u00e9 ko\u0159en\u00ed<\/h3><\/div><\/div>\t\t<\/div>\n\t\t\t\t<\/div>\n\t\t\t\t<div class=\"elementor-element elementor-element-f51ab41 elementor-position-top elementor-widget elementor-widget-image-box\" data-id=\"f51ab41\" data-element_type=\"widget\" data-widget_type=\"image-box.default\">\n\t\t\t\t<div class=\"elementor-widget-container\">\n\t\t\t<div class=\"elementor-image-box-wrapper\"><figure class=\"elementor-image-box-img\"><img decoding=\"async\" src=\"http:\/\/www.rezpof.cz\/wordpress\/wp-content\/plugins\/elementor\/assets\/images\/placeholder.png\" title=\"\" alt=\"\" loading=\"lazy\" \/><\/figure><div class=\"elementor-image-box-content\"><h3 class=\"elementor-image-box-title\">Tekut\u00e9 ko\u0159en\u00ed<\/h3><\/div><\/div>\t\t<\/div>\n\t\t\t\t<\/div>\n\t\t\t\t\t<\/div>\n\t\t<\/div>\n\t\t\t\t<div class=\"elementor-column elementor-col-33 elementor-top-column elementor-element elementor-element-26ea2fb\" data-fullscreen-column-settings=\"{&quot;fullscreen&quot;:&quot;&quot;}\" data-id=\"26ea2fb\" data-element_type=\"column\">\n\t\t\t<div class=\"elementor-widget-wrap elementor-element-populated\">\n\t\t\t\t\t\t<div class=\"elementor-element elementor-element-fd8b2ae elementor-position-top elementor-widget elementor-widget-image-box\" data-id=\"fd8b2ae\" data-element_type=\"widget\" data-widget_type=\"image-box.default\">\n\t\t\t\t<div class=\"elementor-widget-container\">\n\t\t\t<div class=\"elementor-image-box-wrapper\"><figure class=\"elementor-image-box-img\"><img decoding=\"async\" src=\"http:\/\/www.rezpof.cz\/wordpress\/wp-content\/plugins\/elementor\/assets\/images\/placeholder.png\" title=\"\" alt=\"\" loading=\"lazy\" \/><\/figure><div class=\"elementor-image-box-content\"><h3 class=\"elementor-image-box-title\">Ko\u0159en\u00ed pro v\u00fdrobu uzenin<\/h3><\/div><\/div>\t\t<\/div>\n\t\t\t\t<\/div>\n\t\t\t\t<div class=\"elementor-element elementor-element-3d188f2 elementor-position-top elementor-widget elementor-widget-image-box\" data-id=\"3d188f2\" data-element_type=\"widget\" data-widget_type=\"image-box.default\">\n\t\t\t\t<div class=\"elementor-widget-container\">\n\t\t\t<div class=\"elementor-image-box-wrapper\"><figure class=\"elementor-image-box-img\"><img decoding=\"async\" src=\"http:\/\/www.rezpof.cz\/wordpress\/wp-content\/plugins\/elementor\/assets\/images\/placeholder.png\" title=\"\" alt=\"\" loading=\"lazy\" \/><\/figure><div class=\"elementor-image-box-content\"><h3 class=\"elementor-image-box-title\">Technologick\u00e9 obaly<\/h3><\/div><\/div>\t\t<\/div>\n\t\t\t\t<\/div>\n\t\t\t\t<div class=\"elementor-element elementor-element-a1152c9 elementor-position-top elementor-widget elementor-widget-image-box\" data-id=\"a1152c9\" data-element_type=\"widget\" data-widget_type=\"image-box.default\">\n\t\t\t\t<div class=\"elementor-widget-container\">\n\t\t\t<div class=\"elementor-image-box-wrapper\"><figure class=\"elementor-image-box-img\"><img decoding=\"async\" src=\"http:\/\/www.rezpof.cz\/wordpress\/wp-content\/plugins\/elementor\/assets\/images\/placeholder.png\" title=\"\" alt=\"\" loading=\"lazy\" \/><\/figure><div class=\"elementor-image-box-content\"><h3 class=\"elementor-image-box-title\">Pot\u0159eby pro \u0159ezn\u00edky a kucha\u0159e<\/h3><\/div><\/div>\t\t<\/div>\n\t\t\t\t<\/div>\n\t\t\t\t\t<\/div>\n\t\t<\/div>\n\t\t\t\t<div class=\"elementor-column elementor-col-33 elementor-top-column elementor-element elementor-element-72540ed\" data-fullscreen-column-settings=\"{&quot;fullscreen&quot;:&quot;&quot;}\" data-id=\"72540ed\" data-element_type=\"column\">\n\t\t\t<div class=\"elementor-widget-wrap elementor-element-populated\">\n\t\t\t\t\t\t<div class=\"elementor-element elementor-element-6967591 elementor-position-top elementor-widget elementor-widget-image-box\" data-id=\"6967591\" data-element_type=\"widget\" data-widget_type=\"image-box.default\">\n\t\t\t\t<div class=\"elementor-widget-container\">\n\t\t\t<div class=\"elementor-image-box-wrapper\"><figure class=\"elementor-image-box-img\"><img decoding=\"async\" src=\"http:\/\/www.rezpof.cz\/wordpress\/wp-content\/plugins\/elementor\/assets\/images\/placeholder.png\" title=\"\" alt=\"\" loading=\"lazy\" \/><\/figure><div class=\"elementor-image-box-content\"><h3 class=\"elementor-image-box-title\">Ko\u0159en\u00ed pro gastronomii<\/h3><\/div><\/div>\t\t<\/div>\n\t\t\t\t<\/div>\n\t\t\t\t<div class=\"elementor-element elementor-element-146c1d0 elementor-position-top elementor-widget elementor-widget-image-box\" data-id=\"146c1d0\" data-element_type=\"widget\" data-widget_type=\"image-box.default\">\n\t\t\t\t<div class=\"elementor-widget-container\">\n\t\t\t<div class=\"elementor-image-box-wrapper\"><figure class=\"elementor-image-box-img\"><img decoding=\"async\" src=\"http:\/\/www.rezpof.cz\/wordpress\/wp-content\/plugins\/elementor\/assets\/images\/placeholder.png\" title=\"\" alt=\"\" loading=\"lazy\" \/><\/figure><div class=\"elementor-image-box-content\"><h3 class=\"elementor-image-box-title\">P\u0159\u00edrodn\u00ed st\u0159\u00edvka<\/h3><\/div><\/div>\t\t<\/div>\n\t\t\t\t<\/div>\n\t\t\t\t\t<\/div>\n\t\t<\/div>\n\t\t\t\t\t<\/div>\n\t\t<\/section>\n\t\t\t\t<\/div>","protected":false},"excerpt":{"rendered":"<p>Ko\u0159en\u00ed pro va\u0159en\u00ed Nav\u0161t\u00edvte n\u00e1\u0161 e-shop Jednodruhov\u00e9 ko\u0159en\u00ed Tekut\u00e9 ko\u0159en\u00ed Ko\u0159en\u00ed pro v\u00fdrobu uzenin Technologick\u00e9 obaly Pot\u0159eby pro \u0159ezn\u00edky a kucha\u0159e Ko\u0159en\u00ed pro gastronomii P\u0159\u00edrodn\u00ed st\u0159\u00edvka<\/p>","protected":false},"author":1,"featured_media":0,"parent":0,"menu_order":0,"comment_status":"closed","ping_status":"closed","template":"","meta":{"footnotes":""},"class_list":["post-12751","page","type-page","status-publish","hentry"],"_links":{"self":[{"href":"http:\/\/www.rezpof.cz\/wordpress\/en\/wp-json\/wp\/v2\/pages\/12751","targetHints":{"allow":["GET"]}}],"collection":[{"href":"http:\/\/www.rezpof.cz\/wordpress\/en\/wp-json\/wp\/v2\/pages"}],"about":[{"href":"http:\/\/www.rezpof.cz\/wordpress\/en\/wp-json\/wp\/v2\/types\/page"}],"author":[{"embeddable":true,"href":"http:\/\/www.rezpof.cz\/wordpress\/en\/wp-json\/wp\/v2\/users\/1"}],"replies":[{"embeddable":true,"href":"http:\/\/www.rezpof.cz\/wordpress\/en\/wp-json\/wp\/v2\/comments?post=12751"}],"version-history":[{"count":71,"href":"http:\/\/www.rezpof.cz\/wordpress\/en\/wp-json\/wp\/v2\/pages\/12751\/revisions"}],"predecessor-version":[{"id":76038,"href":"http:\/\/www.rezpof.cz\/wordpress\/en\/wp-json\/wp\/v2\/pages\/12751\/revisions\/76038"}],"wp:attachment":[{"href":"http:\/\/www.rezpof.cz\/wordpress\/en\/wp-json\/wp\/v2\/media?parent=12751"}],"curies":[{"name":"wp","href":"https:\/\/api.w.org\/{rel}","templated":true}]}}